{"id":61,"date":"2012-04-05T00:42:31","date_gmt":"2012-04-05T00:42:31","guid":{"rendered":"http:\/\/wollingster-see.de\/?page_id=61"},"modified":"2020-11-01T23:14:28","modified_gmt":"2020-11-01T21:14:28","slug":"impressum","status":"publish","type":"page","link":"http:\/\/www.wollingster-see.de\/?page_id=61","title":{"rendered":"Impressum"},"content":{"rendered":"<h5>F\u00f6rderverein Wollingster See e.V.<\/h5>\n<p>Appelner Str. 71<br \/>\n27616 Beverstedt<\/p>\n<p>Telefon: 04747\/1715<br \/>\nE-Mail: foerderverein (at) wollingster-see (punkt) de<\/p>\n<p><strong>Vertreten durch<\/strong><br \/>\nHeino Runge, 1. Vorsitzender, und Maurice Neuwirth, 2. Vorsitzender<br \/>\nAnschrift wie die des Vereins<\/p>\n<p>Eingetragener Verein beim Amtsgericht Tostedt unter der Registernummer VR 110388.<br \/>\nAls gemeinn\u00fctzig anerkannt vom Finanzamt Weserm\u00fcnde S\u00fcd, Bremerhaven. [Angabe der UstID]\n<p>Verantwortlicher f\u00fcr journalistisch-redaktionelle Inhalte i.S.d. \u00a7 55 Abs. 2 RStV:<br \/>\nMaurice Neuwirth<\/p>\n","protected":false},"excerpt":{"rendered":"<p>F\u00f6rderverein Wollingster See e.V. Appelner Str. 71 27616 Beverstedt Telefon: 04747\/1715 E-Mail: foerderverein (at) wollingster-see (punkt) de Vertreten durch Heino Runge, 1. Vorsitzender, und Maurice Neuwirth, 2. Vorsitzender Anschrift wie die des Vereins Eingetragener Verein beim Amtsgericht Tostedt unter der Registernummer VR 110388. Als gemeinn\u00fctzig anerkannt vom Finanzamt Weserm\u00fcnde S\u00fcd, Bremerhaven. [Angabe der UstID] Verantwortlicher f\u00fcr journalistisch-redaktionelle Inhalte i.S.d. \u00a7 55 Abs. 2 RStV: Maurice Neuwirth<\/p>\n","protected":false},"author":2,"featured_media":0,"parent":0,"menu_order":0,"comment_status":"closed","ping_status":"closed","template":"","meta":{"footnotes":""},"class_list":["post-61","page","type-page","status-publish","hentry"],"_links":{"self":[{"href":"http:\/\/www.wollingster-see.de\/index.php?rest_route=\/wp\/v2\/pages\/61","targetHints":{"allow":["GET"]}}],"collection":[{"href":"http:\/\/www.wollingster-see.de\/index.php?rest_route=\/wp\/v2\/pages"}],"about":[{"href":"http:\/\/www.wollingster-see.de\/index.php?rest_route=\/wp\/v2\/types\/page"}],"author":[{"embeddable":true,"href":"http:\/\/www.wollingster-see.de\/index.php?rest_route=\/wp\/v2\/users\/2"}],"replies":[{"embeddable":true,"href":"http:\/\/www.wollingster-see.de\/index.php?rest_route=%2Fwp%2Fv2%2Fcomments&post=61"}],"version-history":[{"count":30,"href":"http:\/\/www.wollingster-see.de\/index.php?rest_route=\/wp\/v2\/pages\/61\/revisions"}],"predecessor-version":[{"id":592,"href":"http:\/\/www.wollingster-see.de\/index.php?rest_route=\/wp\/v2\/pages\/61\/revisions\/592"}],"wp:attachment":[{"href":"http:\/\/www.wollingster-see.de\/index.php?rest_route=%2Fwp%2Fv2%2Fmedia&parent=61"}],"curies":[{"name":"wp","href":"https:\/\/api.w.org\/{rel}","templated":true}]}}